{"id":112,"date":"2024-01-06T22:07:15","date_gmt":"2024-01-07T03:07:15","guid":{"rendered":"https:\/\/puffer.com.ec\/?page_id=112"},"modified":"2024-01-13T15:36:07","modified_gmt":"2024-01-13T20:36:07","slug":"productos","status":"publish","type":"page","link":"https:\/\/puffer.com.ec\/?page_id=112","title":{"rendered":"Productos"},"content":{"rendered":"<div class=\"wpb-content-wrapper\"><p>[vc_section el_class=\u00bbsec-bn-internas\u00bb][vc_row][vc_column][vc_column_text]<img loading=\"lazy\" decoding=\"async\" class=\"alignnone size-full wp-image-113\" src=\"https:\/\/puffer.com.ec\/wp-content\/uploads\/2024\/01\/Puffer-productos.jpg\" alt=\"\" width=\"1941\" height=\"505\" srcset=\"https:\/\/puffer.com.ec\/wp-content\/uploads\/2024\/01\/Puffer-productos.jpg 1941w, https:\/\/puffer.com.ec\/wp-content\/uploads\/2024\/01\/Puffer-productos-300x78.jpg 300w, https:\/\/puffer.com.ec\/wp-content\/uploads\/2024\/01\/Puffer-productos-1024x266.jpg 1024w, https:\/\/puffer.com.ec\/wp-content\/uploads\/2024\/01\/Puffer-productos-768x200.jpg 768w, https:\/\/puffer.com.ec\/wp-content\/uploads\/2024\/01\/Puffer-productos-1536x400.jpg 1536w\" sizes=\"auto, (max-width: 1941px) 100vw, 1941px\" \/>[\/vc_column_text][\/vc_column][\/vc_row][\/vc_section][vc_section el_class=\u00bbsec-contenidos\u00bb][vc_row][vc_column width=\u00bb1\/2&#8243;][vc_custom_heading text=\u00bbPuffer ofrece y entrega productos y soluciones adecuados para ayudarle a resolver sus mayores desaf\u00edos.\u00bb font_container=\u00bbtag:h2|font_size:35px|text_align:left|color:%23505354&#8243; use_theme_fonts=\u00bbyes\u00bb el_class=\u00bbtt-principales\u00bb][vc_empty_space][vc_column_text]<\/p>\n<p style=\"text-align: justify;\">Deje que nuestro equipo de expertos respalde sus objetivos operativos, de producci\u00f3n y de seguridad brind\u00e1ndole nuestro conocimiento y experiencia. Hemos resuelto algunos de los mayores desaf\u00edos de la industria de procesos utilizando productos de calidad de \u201cEmerson Automation Solutions\u201d y otros principales fabricantes de clase mundial, a quienes representamos.<\/p>\n<p>[\/vc_column_text][\/vc_column][vc_column width=\u00bb1\/2&#8243;][vc_single_image image=\u00bb118&#8243; img_size=\u00bbfull\u00bb alignment=\u00bbcenter\u00bb][\/vc_column][\/vc_row][vc_row][vc_column][vc_column_text][\/vc_column_text][\/vc_column][\/vc_row][\/vc_section]<\/p>\n<\/div>","protected":false},"excerpt":{"rendered":"<p>[vc_section el_class=\u00bbsec-bn-internas\u00bb][vc_row][vc_column][vc_column_text][\/vc_column_text][\/vc_column][\/vc_row][\/vc_section][vc_section el_class=\u00bbsec-contenidos\u00bb][vc_row][vc_column width=\u00bb1\/2&#8243;][vc_custom_heading text=\u00bbPuffer ofrece y entrega productos y soluciones adecuados para ayudarle a resolver sus mayores desaf\u00edos.\u00bb font_container=\u00bbtag:h2|font_size:35px|text_align:left|color:%23505354&#8243; use_theme_fonts=\u00bbyes\u00bb el_class=\u00bbtt-principales\u00bb][vc_empty_space][vc_column_text] Deje que nuestro equipo de expertos respalde sus objetivos operativos, de producci\u00f3n y de seguridad brind\u00e1ndole nuestro conocimiento y experiencia. Hemos resuelto algunos de los mayores desaf\u00edos de la industria de procesos utilizando [&hellip;]<\/p>\n","protected":false},"author":1,"featured_media":0,"parent":0,"menu_order":0,"comment_status":"closed","ping_status":"closed","template":"","meta":{"footnotes":""},"class_list":["post-112","page","type-page","status-publish","hentry"],"_links":{"self":[{"href":"https:\/\/puffer.com.ec\/index.php?rest_route=\/wp\/v2\/pages\/112","targetHints":{"allow":["GET"]}}],"collection":[{"href":"https:\/\/puffer.com.ec\/index.php?rest_route=\/wp\/v2\/pages"}],"about":[{"href":"https:\/\/puffer.com.ec\/index.php?rest_route=\/wp\/v2\/types\/page"}],"author":[{"embeddable":true,"href":"https:\/\/puffer.com.ec\/index.php?rest_route=\/wp\/v2\/users\/1"}],"replies":[{"embeddable":true,"href":"https:\/\/puffer.com.ec\/index.php?rest_route=%2Fwp%2Fv2%2Fcomments&post=112"}],"version-history":[{"count":6,"href":"https:\/\/puffer.com.ec\/index.php?rest_route=\/wp\/v2\/pages\/112\/revisions"}],"predecessor-version":[{"id":159,"href":"https:\/\/puffer.com.ec\/index.php?rest_route=\/wp\/v2\/pages\/112\/revisions\/159"}],"wp:attachment":[{"href":"https:\/\/puffer.com.ec\/index.php?rest_route=%2Fwp%2Fv2%2Fmedia&parent=112"}],"curies":[{"name":"wp","href":"https:\/\/api.w.org\/{rel}","templated":true}]}}