{"id":132,"date":"2024-01-13T14:32:13","date_gmt":"2024-01-13T19:32:13","guid":{"rendered":"https:\/\/puffer.com.ec\/?page_id=132"},"modified":"2024-01-16T08:17:29","modified_gmt":"2024-01-16T13:17:29","slug":"132-2","status":"publish","type":"page","link":"https:\/\/puffer.com.ec\/?page_id=132","title":{"rendered":"75 aniversario"},"content":{"rendered":"<div class=\"wpb-content-wrapper\"><p>[vc_section el_class=\u00bbsec-bn-internas\u00bb][vc_row][vc_column][vc_column_text]<img loading=\"lazy\" decoding=\"async\" class=\"alignnone size-full wp-image-340\" src=\"https:\/\/puffer.com.ec\/wp-content\/uploads\/2024\/01\/puffer-75-anos.jpg\" alt=\"\" width=\"1917\" height=\"505\" srcset=\"https:\/\/puffer.com.ec\/wp-content\/uploads\/2024\/01\/puffer-75-anos.jpg 1917w, https:\/\/puffer.com.ec\/wp-content\/uploads\/2024\/01\/puffer-75-anos-300x79.jpg 300w, https:\/\/puffer.com.ec\/wp-content\/uploads\/2024\/01\/puffer-75-anos-1024x270.jpg 1024w, https:\/\/puffer.com.ec\/wp-content\/uploads\/2024\/01\/puffer-75-anos-768x202.jpg 768w, https:\/\/puffer.com.ec\/wp-content\/uploads\/2024\/01\/puffer-75-anos-1536x405.jpg 1536w\" sizes=\"auto, (max-width: 1917px) 100vw, 1917px\" \/>[\/vc_column_text][\/vc_column][\/vc_row][\/vc_section][vc_section el_class=\u00bbsec-contenidos\u00bb][vc_row][vc_column][vc_custom_heading text=\u00bbQui\u00e9nes somos?\u00bb font_container=\u00bbtag:h2|font_size:35px|text_align:left\u00bb use_theme_fonts=\u00bbyes\u00bb el_class=\u00bbtt-principales\u00bb][vc_empty_space][\/vc_column][\/vc_row][vc_row][vc_column width=\u00bb1\/2&#8243;][vc_column_text]<\/p>\n<p style=\"text-align: justify;\">Desde 1945, Puffer se ha destacado por centrarse en las necesidades de nuestros clientes y ofrecerles soluciones confiables que superen sus expectativas. Estamos orgullosos de nuestra trayectoria exitosa, que impulsa innovaciones en los est\u00e1ndares de ingenier\u00eda y productos, que respaldan una amplia gama de industrias. A pesar de todo, seguimos centrados en el cliente y enfocados en superar sus expectativas para ofrecer resultados exitosos y predecibles.<\/p>\n<p style=\"text-align: justify;\">Reconocemos que nuestro \u00e9xito proviene de l\u00edderes talentosos y emprendedores que brindan experiencia t\u00e9cnica l\u00edder en la industria y una excepcional atenci\u00f3n al cliente, brind\u00e1ndole la soluci\u00f3n adecuada, que supere sus expectativas. Todo esto sin perder de vista que somos una empresa independiente, propiedad de los empleados.<\/p>\n<p>[\/vc_column_text][\/vc_column][vc_column width=\u00bb1\/2&#8243;][vc_single_image image=\u00bb104&#8243; img_size=\u00bbfull\u00bb alignment=\u00bbcenter\u00bb][\/vc_column][\/vc_row][\/vc_section][vc_section el_class=\u00bbsec-contenidos sec-bg-fix\u00bb][vc_row css=\u00bb.vc_custom_1705174244348{background-color: #004b8d !important;}\u00bb][vc_column][vc_column_text el_class=\u00bbtextwhite\u00bb]En 2020 celebramos nuestro 75to aniversario, marcando un hito importante como l\u00edderes de la industria. Estamos orgullosos de seguir sirviendo a clientes como usted e impulsar la pr\u00f3xima generaci\u00f3n de productos y servicios para controles de procesos, automatizaci\u00f3n, seguridad y confiabilidad.[\/vc_column_text][\/vc_column][\/vc_row][\/vc_section][vc_section el_class=\u00bbsec-contenidos\u00bb][vc_row][vc_column][vc_empty_space height=\u00bb80px\u00bb][vc_column_text]<\/p>\n<p style=\"text-align: justify;\">Con una mirada reflexiva a nuestro pasado reconocemos que hay m\u00e1s oportunidades para aprender, mejorar e impactar positivamente las industrias a las que servimos, y continuaremos avanzando.<br \/>\nPuffer ofrece soluciones de clase mundial para los problemas m\u00e1s desafiantes de control de flujo, automatizaci\u00f3n, seguridad y confiabilidad. El \u00e9xito de nuestros clientes es nuestro \u00e9xito, ya sea la construcci\u00f3n de nuevas instalaciones o las operaciones en curso de las existentes.<\/p>\n<p>[\/vc_column_text][\/vc_column][\/vc_row][\/vc_section][vc_section el_class=\u00bbsec-contenidos\u00bb css=\u00bb.vc_custom_1704596383026{background-color: #f6f8fd !important;}\u00bb][vc_row disable_element=\u00bbyes\u00bb][vc_column width=\u00bb1\/3&#8243;][vc_btn title=\u00bbNUESTRA HISTORIA\u00bb style=\u00bbcustom\u00bb custom_background=\u00bb#004b8d\u00bb custom_text=\u00bb#ffffff\u00bb shape=\u00bbsquare\u00bb align=\u00bbcenter\u00bb el_class=\u00bbbtn-more\u00bb][vc_btn title=\u00bbEQUIPOS DE LIDERAZGO\u00bb style=\u00bbcustom\u00bb custom_background=\u00bb#004b8d\u00bb custom_text=\u00bb#ffffff\u00bb shape=\u00bbsquare\u00bb el_class=\u00bbbtn-more\u00bb][\/vc_column][vc_column width=\u00bb1\/3&#8243;][vc_btn title=\u00bb75 TH ANIVERSARIO\u00bb style=\u00bbcustom\u00bb custom_background=\u00bb#004b8d\u00bb custom_text=\u00bb#ffffff\u00bb shape=\u00bbsquare\u00bb align=\u00bbcenter\u00bb el_class=\u00bbbtn-more\u00bb][vc_btn title=\u00bbPREMIOS DE LA EMPRESA\u00bb style=\u00bbcustom\u00bb custom_background=\u00bb#004b8d\u00bb custom_text=\u00bb#ffffff\u00bb shape=\u00bbsquare\u00bb el_class=\u00bbbtn-more\u00bb][\/vc_column][vc_column width=\u00bb1\/3&#8243;][vc_btn title=\u00bbMISI\u00d3N Y VALORES\u00bb style=\u00bbcustom\u00bb custom_background=\u00bb#004b8d\u00bb custom_text=\u00bb#ffffff\u00bb shape=\u00bbsquare\u00bb align=\u00bbcenter\u00bb el_class=\u00bbbtn-more\u00bb][vc_btn title=\u00bbRELACI\u00d3N VALORADA\u00bb style=\u00bbcustom\u00bb custom_background=\u00bb#004b8d\u00bb custom_text=\u00bb#ffffff\u00bb shape=\u00bbsquare\u00bb align=\u00bbcenter\u00bb el_class=\u00bbbtn-more\u00bb][\/vc_column][\/vc_row][\/vc_section]<\/p>\n<\/div>","protected":false},"excerpt":{"rendered":"<p>[vc_section el_class=\u00bbsec-bn-internas\u00bb][vc_row][vc_column][vc_column_text][\/vc_column_text][\/vc_column][\/vc_row][\/vc_section][vc_section el_class=\u00bbsec-contenidos\u00bb][vc_row][vc_column][vc_custom_heading text=\u00bbQui\u00e9nes somos?\u00bb font_container=\u00bbtag:h2|font_size:35px|text_align:left\u00bb use_theme_fonts=\u00bbyes\u00bb el_class=\u00bbtt-principales\u00bb][vc_empty_space][\/vc_column][\/vc_row][vc_row][vc_column width=\u00bb1\/2&#8243;][vc_column_text] Desde 1945, Puffer se ha destacado por centrarse en las necesidades de nuestros clientes y ofrecerles soluciones confiables que superen sus expectativas. Estamos orgullosos de nuestra trayectoria exitosa, que impulsa innovaciones en los est\u00e1ndares de ingenier\u00eda y productos, que respaldan una amplia gama de industrias. A [&hellip;]<\/p>\n","protected":false},"author":1,"featured_media":0,"parent":0,"menu_order":0,"comment_status":"closed","ping_status":"closed","template":"","meta":{"footnotes":""},"class_list":["post-132","page","type-page","status-publish","hentry"],"_links":{"self":[{"href":"https:\/\/puffer.com.ec\/index.php?rest_route=\/wp\/v2\/pages\/132","targetHints":{"allow":["GET"]}}],"collection":[{"href":"https:\/\/puffer.com.ec\/index.php?rest_route=\/wp\/v2\/pages"}],"about":[{"href":"https:\/\/puffer.com.ec\/index.php?rest_route=\/wp\/v2\/types\/page"}],"author":[{"embeddable":true,"href":"https:\/\/puffer.com.ec\/index.php?rest_route=\/wp\/v2\/users\/1"}],"replies":[{"embeddable":true,"href":"https:\/\/puffer.com.ec\/index.php?rest_route=%2Fwp%2Fv2%2Fcomments&post=132"}],"version-history":[{"count":5,"href":"https:\/\/puffer.com.ec\/index.php?rest_route=\/wp\/v2\/pages\/132\/revisions"}],"predecessor-version":[{"id":341,"href":"https:\/\/puffer.com.ec\/index.php?rest_route=\/wp\/v2\/pages\/132\/revisions\/341"}],"wp:attachment":[{"href":"https:\/\/puffer.com.ec\/index.php?rest_route=%2Fwp%2Fv2%2Fmedia&parent=132"}],"curies":[{"name":"wp","href":"https:\/\/api.w.org\/{rel}","templated":true}]}}