{"id":139,"date":"2024-01-13T14:44:19","date_gmt":"2024-01-13T19:44:19","guid":{"rendered":"https:\/\/puffer.com.ec\/?page_id=139"},"modified":"2024-01-16T08:17:01","modified_gmt":"2024-01-16T13:17:01","slug":"mision-y-valores","status":"publish","type":"page","link":"https:\/\/puffer.com.ec\/?page_id=139","title":{"rendered":"Misi\u00f3n y Valores"},"content":{"rendered":"<div class=\"wpb-content-wrapper\"><p>[vc_section el_class=\u00bbsec-bn-internas\u00bb][vc_row][vc_column][vc_column_text]<img loading=\"lazy\" decoding=\"async\" class=\"alignnone size-full wp-image-338\" src=\"https:\/\/puffer.com.ec\/wp-content\/uploads\/2024\/01\/baner-mision-valores.jpg\" alt=\"\" width=\"1917\" height=\"505\" srcset=\"https:\/\/puffer.com.ec\/wp-content\/uploads\/2024\/01\/baner-mision-valores.jpg 1917w, https:\/\/puffer.com.ec\/wp-content\/uploads\/2024\/01\/baner-mision-valores-300x79.jpg 300w, https:\/\/puffer.com.ec\/wp-content\/uploads\/2024\/01\/baner-mision-valores-1024x270.jpg 1024w, https:\/\/puffer.com.ec\/wp-content\/uploads\/2024\/01\/baner-mision-valores-768x202.jpg 768w, https:\/\/puffer.com.ec\/wp-content\/uploads\/2024\/01\/baner-mision-valores-1536x405.jpg 1536w\" sizes=\"auto, (max-width: 1917px) 100vw, 1917px\" \/>[\/vc_column_text][\/vc_column][\/vc_row][\/vc_section][vc_section el_class=\u00bbsec-contenidos\u00bb][vc_row][vc_column][vc_custom_heading text=\u00bbNuestra Misi\u00f3n\u00bb font_container=\u00bbtag:h2|font_size:35px|text_align:left\u00bb use_theme_fonts=\u00bbyes\u00bb el_class=\u00bbtt-principales\u00bb][vc_empty_space][vc_column_text]<\/p>\n<p style=\"text-align: justify;\">Puffer ofrece soluciones de clase mundial para los problemas m\u00e1s desafiantes de control de flujo, automatizaci\u00f3n, seguridad y confiabilidad. El \u00e9xito de nuestros clientes es nuestro \u00e9xito, ya sea en la construcci\u00f3n de nuevas instalaciones o en operaciones en curso, en instalaciones ya existentes.<br \/>\nEstamos orgullosos del entorno que cultivamos para nuestros empleados y que los empodera a trav\u00e9s de la participaci\u00f3n en la compa\u00f1\u00eda y una s\u00f3lida cultura empresarial, que rinde un desempe\u00f1o excepcional de los empleados y un excelente servicio al cliente.<br \/>\nVivimos nuestra filosof\u00eda: Colaborar. Resolver. Entregar.<\/p>\n<p>[\/vc_column_text][\/vc_column][\/vc_row][vc_row][vc_column width=\u00bb1\/4&#8243;][vc_column_text]<img loading=\"lazy\" decoding=\"async\" class=\"size-full wp-image-142 alignnone\" src=\"https:\/\/puffer.com.ec\/wp-content\/uploads\/2024\/01\/Core-Value-Integrity.png\" alt=\"\" width=\"60\" height=\"60\" data-wp-editing=\"1\" \/> <span style=\"font-size: 12pt; color: #004b8d;\">Integridad<\/span>[\/vc_column_text][\/vc_column][vc_column width=\u00bb3\/4&#8243;][vc_column_text]<\/p>\n<p style=\"text-align: justify;\">Nos comportamos con honestidad e integridad; para lograr los objetivos de la compa\u00f1\u00eda \u00fanicamente a trav\u00e9s de acciones honorables.<\/p>\n<p>[\/vc_column_text][\/vc_column][\/vc_row][vc_row][vc_column width=\u00bb1\/4&#8243;][vc_column_text]<img loading=\"lazy\" decoding=\"async\" class=\"alignnone size-full wp-image-149\" src=\"https:\/\/puffer.com.ec\/wp-content\/uploads\/2024\/01\/Core-Value-Commitment.png\" alt=\"\" width=\"60\" height=\"60\" \/>\u00a0<span style=\"font-size: 12pt; color: #004b8d;\">Compromiso<\/span>[\/vc_column_text][\/vc_column][vc_column width=\u00bb3\/4&#8243;][vc_column_text]<\/p>\n<p style=\"text-align: justify;\">nuestro compromiso con la empresa, con los dem\u00e1s, con nuestros principales fabricantes y clientes demuestra nuestra voluntad de hacer un \u00abesfuerzo adicional\u00bb y todo lo que sea necesario para realizar el trabajo correctamente, de forma segura, desde la primera vez y siempre.<\/p>\n<p>[\/vc_column_text][\/vc_column][\/vc_row][vc_row][vc_column width=\u00bb1\/4&#8243;][vc_column_text]<img loading=\"lazy\" decoding=\"async\" class=\"alignnone size-full wp-image-150\" src=\"https:\/\/puffer.com.ec\/wp-content\/uploads\/2024\/01\/Core-Value-Teamwork.png\" alt=\"\" width=\"60\" height=\"60\" \/>\u00a0<span style=\"font-size: 12pt; color: #004b8d;\">Trabajo en equipo<\/span>[\/vc_column_text][\/vc_column][vc_column width=\u00bb3\/4&#8243;][vc_column_text]<\/p>\n<p style=\"text-align: justify;\">A trav\u00e9s del trabajo en equipo y colaboraci\u00f3n, trabajamos para lograr los objetivos y la visi\u00f3n compartidos de nuestra empresa. Valoramos y fomentamos los talentos \u00fanicos, las contribuciones y el esp\u00edritu emprendedor de todos nuestros empleados.<\/p>\n<p>[\/vc_column_text][\/vc_column][\/vc_row][vc_row][vc_column width=\u00bb1\/4&#8243;][vc_column_text]<img loading=\"lazy\" decoding=\"async\" class=\"alignnone size-full wp-image-151\" src=\"https:\/\/puffer.com.ec\/wp-content\/uploads\/2024\/01\/Core-Value-Customer-Centric.png\" alt=\"\" width=\"60\" height=\"60\" \/>\u00a0<span style=\"font-size: 12pt; color: #004b8d;\">Centrados en el cliente<\/span>[\/vc_column_text][\/vc_column][vc_column width=\u00bb3\/4&#8243;][vc_column_text]<\/p>\n<p style=\"text-align: justify;\">Colaboramos con nuestros clientes para ofrecer soluciones individualizadas, y nos asociamos con nuestros directores para crear valor y ofrecer productos y servicios de calidad.<\/p>\n<p>[\/vc_column_text][\/vc_column][\/vc_row][vc_row][vc_column width=\u00bb1\/4&#8243;][vc_column_text]<span style=\"font-size: 18pt; color: #004b8d;\"><img loading=\"lazy\" decoding=\"async\" class=\"alignnone size-full wp-image-152\" src=\"https:\/\/puffer.com.ec\/wp-content\/uploads\/2024\/01\/Core-Value-Results-Driven.png\" alt=\"\" width=\"60\" height=\"60\" \/><span style=\"font-size: 12pt;\">Orientados a resultados<\/span><\/span>[\/vc_column_text][\/vc_column][vc_column width=\u00bb3\/4&#8243;][vc_column_text]<\/p>\n<p style=\"text-align: justify;\">Como organizaci\u00f3n enfocada en resultados, dedicamos nuestro tiempo y energ\u00eda a lograr la plena satisfacci\u00f3n de nuestros clientes y nuestros principales fabricantes, a la vez que cumplimos los objetivos de nuestra empresa. Nos elevamos por encima de las circunstancias, demostramos ingenio y logramos resultados con \u00e9xito. Estamos comprometidos con el \u00e9xito de la Compa\u00f1\u00eda para nuestra generaci\u00f3n y las generaciones venideras.<\/p>\n<p>[\/vc_column_text][\/vc_column][\/vc_row][\/vc_section][vc_section el_class=\u00bbsec-contenidos\u00bb css=\u00bb.vc_custom_1704596383026{background-color: #f6f8fd !important;}\u00bb][vc_row disable_element=\u00bbyes\u00bb][vc_column width=\u00bb1\/3&#8243;][vc_btn title=\u00bbNUESTRA HISTORIA\u00bb style=\u00bbcustom\u00bb custom_background=\u00bb#004b8d\u00bb custom_text=\u00bb#ffffff\u00bb shape=\u00bbsquare\u00bb align=\u00bbcenter\u00bb el_class=\u00bbbtn-more\u00bb][vc_btn title=\u00bbEQUIPOS DE LIDERAZGO\u00bb style=\u00bbcustom\u00bb custom_background=\u00bb#004b8d\u00bb custom_text=\u00bb#ffffff\u00bb shape=\u00bbsquare\u00bb el_class=\u00bbbtn-more\u00bb][\/vc_column][vc_column width=\u00bb1\/3&#8243;][vc_btn title=\u00bb75 TH ANIVERSARIO\u00bb style=\u00bbcustom\u00bb custom_background=\u00bb#004b8d\u00bb custom_text=\u00bb#ffffff\u00bb shape=\u00bbsquare\u00bb align=\u00bbcenter\u00bb el_class=\u00bbbtn-more\u00bb][vc_btn title=\u00bbPREMIOS DE LA EMPRESA\u00bb style=\u00bbcustom\u00bb custom_background=\u00bb#004b8d\u00bb custom_text=\u00bb#ffffff\u00bb shape=\u00bbsquare\u00bb el_class=\u00bbbtn-more\u00bb][\/vc_column][vc_column width=\u00bb1\/3&#8243;][vc_btn title=\u00bbMISI\u00d3N Y VALORES\u00bb style=\u00bbcustom\u00bb custom_background=\u00bb#004b8d\u00bb custom_text=\u00bb#ffffff\u00bb shape=\u00bbsquare\u00bb align=\u00bbcenter\u00bb el_class=\u00bbbtn-more\u00bb][vc_btn title=\u00bbRELACI\u00d3N VALORADA\u00bb style=\u00bbcustom\u00bb custom_background=\u00bb#004b8d\u00bb custom_text=\u00bb#ffffff\u00bb shape=\u00bbsquare\u00bb align=\u00bbcenter\u00bb el_class=\u00bbbtn-more\u00bb][\/vc_column][\/vc_row][\/vc_section]<\/p>\n<\/div>","protected":false},"excerpt":{"rendered":"<p>[vc_section el_class=\u00bbsec-bn-internas\u00bb][vc_row][vc_column][vc_column_text][\/vc_column_text][\/vc_column][\/vc_row][\/vc_section][vc_section el_class=\u00bbsec-contenidos\u00bb][vc_row][vc_column][vc_custom_heading text=\u00bbNuestra Misi\u00f3n\u00bb font_container=\u00bbtag:h2|font_size:35px|text_align:left\u00bb use_theme_fonts=\u00bbyes\u00bb el_class=\u00bbtt-principales\u00bb][vc_empty_space][vc_column_text] Puffer ofrece soluciones de clase mundial para los problemas m\u00e1s desafiantes de control de flujo, automatizaci\u00f3n, seguridad y confiabilidad. El \u00e9xito de nuestros clientes es nuestro \u00e9xito, ya sea en la construcci\u00f3n de nuevas instalaciones o en operaciones en curso, en instalaciones ya existentes. Estamos orgullosos del [&hellip;]<\/p>\n","protected":false},"author":1,"featured_media":0,"parent":0,"menu_order":0,"comment_status":"closed","ping_status":"closed","template":"","meta":{"footnotes":""},"class_list":["post-139","page","type-page","status-publish","hentry"],"_links":{"self":[{"href":"https:\/\/puffer.com.ec\/index.php?rest_route=\/wp\/v2\/pages\/139","targetHints":{"allow":["GET"]}}],"collection":[{"href":"https:\/\/puffer.com.ec\/index.php?rest_route=\/wp\/v2\/pages"}],"about":[{"href":"https:\/\/puffer.com.ec\/index.php?rest_route=\/wp\/v2\/types\/page"}],"author":[{"embeddable":true,"href":"https:\/\/puffer.com.ec\/index.php?rest_route=\/wp\/v2\/users\/1"}],"replies":[{"embeddable":true,"href":"https:\/\/puffer.com.ec\/index.php?rest_route=%2Fwp%2Fv2%2Fcomments&post=139"}],"version-history":[{"count":13,"href":"https:\/\/puffer.com.ec\/index.php?rest_route=\/wp\/v2\/pages\/139\/revisions"}],"predecessor-version":[{"id":143,"href":"https:\/\/puffer.com.ec\/index.php?rest_route=\/wp\/v2\/pages\/139\/revisions\/143"}],"wp:attachment":[{"href":"https:\/\/puffer.com.ec\/index.php?rest_route=%2Fwp%2Fv2%2Fmedia&parent=139"}],"curies":[{"name":"wp","href":"https:\/\/api.w.org\/{rel}","templated":true}]}}