{"id":173,"date":"2024-01-13T15:59:10","date_gmt":"2024-01-13T20:59:10","guid":{"rendered":"https:\/\/puffer.com.ec\/?page_id=173"},"modified":"2024-01-13T20:51:17","modified_gmt":"2024-01-14T01:51:17","slug":"servicios","status":"publish","type":"page","link":"https:\/\/puffer.com.ec\/?page_id=173","title":{"rendered":"Servicios"},"content":{"rendered":"<div class=\"wpb-content-wrapper\"><p>[vc_section el_class=\u00bbsec-bn-internas\u00bb][vc_row][vc_column][vc_column_text]<img loading=\"lazy\" decoding=\"async\" class=\"alignnone size-full wp-image-179\" src=\"https:\/\/puffer.com.ec\/wp-content\/uploads\/2024\/01\/baner-servicios-.jpg\" alt=\"\" width=\"1917\" height=\"505\" srcset=\"https:\/\/puffer.com.ec\/wp-content\/uploads\/2024\/01\/baner-servicios-.jpg 1917w, https:\/\/puffer.com.ec\/wp-content\/uploads\/2024\/01\/baner-servicios--300x79.jpg 300w, https:\/\/puffer.com.ec\/wp-content\/uploads\/2024\/01\/baner-servicios--1024x270.jpg 1024w, https:\/\/puffer.com.ec\/wp-content\/uploads\/2024\/01\/baner-servicios--768x202.jpg 768w, https:\/\/puffer.com.ec\/wp-content\/uploads\/2024\/01\/baner-servicios--1536x405.jpg 1536w\" sizes=\"auto, (max-width: 1917px) 100vw, 1917px\" \/>[\/vc_column_text][\/vc_column][\/vc_row][\/vc_section][vc_section el_class=\u00bbsec-contenidos\u00bb][vc_row][vc_column][vc_custom_heading text=\u00bbServicios\u00bb font_container=\u00bbtag:h2|font_size:35px|text_align:left\u00bb use_theme_fonts=\u00bbyes\u00bb el_class=\u00bbtt-principales\u00bb][vc_empty_space][\/vc_column][\/vc_row][vc_row][vc_column width=\u00bb1\/2&#8243;][vc_column_text]<\/p>\n<p style=\"text-align: justify;\">Contamos con la experiencia y recursos para ayudarle a definir, ejecutar y respaldar, de manera confiable, una estrategia durante todo el ciclo de vida de su operaci\u00f3n.<br \/>\nLograr un mejor desempe\u00f1o del proyecto comienza con servicios y capacitaci\u00f3n confiables.<br \/>\nPuffer se asocia con \u201cEmerson Automation Solutions\u201d y nuestra red de fabricantes principales para brindarle una amplia gama de capacidades de servicio.<\/p>\n<p>[\/vc_column_text][\/vc_column][vc_column width=\u00bb1\/2&#8243;][vc_single_image image=\u00bb175&#8243; img_size=\u00bbfull\u00bb alignment=\u00bbcenter\u00bb][\/vc_column][\/vc_row][vc_row][vc_column][vc_custom_heading text=\u00bbLos cierres, paradas y apagones son eventos de alto estr\u00e9s, muy variables y de costo multimillonario. Haga que la planificaci\u00f3n y la ejecuci\u00f3n sean m\u00e1s manejables asoci\u00e1ndose con nosotros.\u00bb font_container=\u00bbtag:h2|font_size:20px|text_align:left\u00bb use_theme_fonts=\u00bbyes\u00bb el_class=\u00bbtt-principales\u00bb][vc_empty_space height=\u00bb22px\u00bb][vc_column_text el_class=\u00bbtextwhite\u00bb]<\/p>\n<p style=\"text-align: justify;\"><span style=\"color: #999999;\">Las ofertas de Puffer combinan tecnolog\u00eda de detecci\u00f3n inal\u00e1mbrica, diagn\u00f3sticos predictivo y an\u00e1lisis de datos con la consultor\u00eda de certeza operativa de Emerson y nuestra experiencia en servicios de ciclo de vida. Con\u00e9ctese con nosotros para ayudarle a garantizar la esfera de acci\u00f3n y el cronograma. Perm\u00edtanos ayudarle a transformar la forma en que prioriza el alcance de su trabajo, mejor uso de recursos, mitigar el trabajo emergente y de descubrimiento, reducir riesgo y garantizar seguridad durante su pr\u00f3ximo proceso.<\/span><\/p>\n<p>[\/vc_column_text][\/vc_column][\/vc_row][\/vc_section][vc_section el_class=\u00bbsec-contenidos\u00bb css=\u00bb.vc_custom_1704596383026{background-color: #f6f8fd !important;}\u00bb][vc_row disable_element=\u00bbyes\u00bb][vc_column width=\u00bb1\/3&#8243;][vc_btn title=\u00bbNUESTRA HISTORIA\u00bb style=\u00bbcustom\u00bb custom_background=\u00bb#004b8d\u00bb custom_text=\u00bb#ffffff\u00bb shape=\u00bbsquare\u00bb align=\u00bbcenter\u00bb el_class=\u00bbbtn-more\u00bb][vc_btn title=\u00bbEQUIPOS DE LIDERAZGO\u00bb style=\u00bbcustom\u00bb custom_background=\u00bb#004b8d\u00bb custom_text=\u00bb#ffffff\u00bb shape=\u00bbsquare\u00bb el_class=\u00bbbtn-more\u00bb][\/vc_column][vc_column width=\u00bb1\/3&#8243;][vc_btn title=\u00bb75 TH ANIVERSARIO\u00bb style=\u00bbcustom\u00bb custom_background=\u00bb#004b8d\u00bb custom_text=\u00bb#ffffff\u00bb shape=\u00bbsquare\u00bb align=\u00bbcenter\u00bb el_class=\u00bbbtn-more\u00bb][vc_btn title=\u00bbPREMIOS DE LA EMPRESA\u00bb style=\u00bbcustom\u00bb custom_background=\u00bb#004b8d\u00bb custom_text=\u00bb#ffffff\u00bb shape=\u00bbsquare\u00bb el_class=\u00bbbtn-more\u00bb][\/vc_column][vc_column width=\u00bb1\/3&#8243;][vc_btn title=\u00bbMISI\u00d3N Y VALORES\u00bb style=\u00bbcustom\u00bb custom_background=\u00bb#004b8d\u00bb custom_text=\u00bb#ffffff\u00bb shape=\u00bbsquare\u00bb align=\u00bbcenter\u00bb el_class=\u00bbbtn-more\u00bb][vc_btn title=\u00bbRELACI\u00d3N VALORADA\u00bb style=\u00bbcustom\u00bb custom_background=\u00bb#004b8d\u00bb custom_text=\u00bb#ffffff\u00bb shape=\u00bbsquare\u00bb align=\u00bbcenter\u00bb el_class=\u00bbbtn-more\u00bb][\/vc_column][\/vc_row][\/vc_section]<\/p>\n<\/div>","protected":false},"excerpt":{"rendered":"<p>[vc_section el_class=\u00bbsec-bn-internas\u00bb][vc_row][vc_column][vc_column_text][\/vc_column_text][\/vc_column][\/vc_row][\/vc_section][vc_section el_class=\u00bbsec-contenidos\u00bb][vc_row][vc_column][vc_custom_heading text=\u00bbServicios\u00bb font_container=\u00bbtag:h2|font_size:35px|text_align:left\u00bb use_theme_fonts=\u00bbyes\u00bb el_class=\u00bbtt-principales\u00bb][vc_empty_space][\/vc_column][\/vc_row][vc_row][vc_column width=\u00bb1\/2&#8243;][vc_column_text] Contamos con la experiencia y recursos para ayudarle a definir, ejecutar y respaldar, de manera confiable, una estrategia durante todo el ciclo de vida de su operaci\u00f3n. Lograr un mejor desempe\u00f1o del proyecto comienza con servicios y capacitaci\u00f3n confiables. Puffer se asocia con \u201cEmerson Automation Solutions\u201d y [&hellip;]<\/p>\n","protected":false},"author":1,"featured_media":0,"parent":0,"menu_order":0,"comment_status":"closed","ping_status":"closed","template":"","meta":{"footnotes":""},"class_list":["post-173","page","type-page","status-publish","hentry"],"_links":{"self":[{"href":"https:\/\/puffer.com.ec\/index.php?rest_route=\/wp\/v2\/pages\/173","targetHints":{"allow":["GET"]}}],"collection":[{"href":"https:\/\/puffer.com.ec\/index.php?rest_route=\/wp\/v2\/pages"}],"about":[{"href":"https:\/\/puffer.com.ec\/index.php?rest_route=\/wp\/v2\/types\/page"}],"author":[{"embeddable":true,"href":"https:\/\/puffer.com.ec\/index.php?rest_route=\/wp\/v2\/users\/1"}],"replies":[{"embeddable":true,"href":"https:\/\/puffer.com.ec\/index.php?rest_route=%2Fwp%2Fv2%2Fcomments&post=173"}],"version-history":[{"count":8,"href":"https:\/\/puffer.com.ec\/index.php?rest_route=\/wp\/v2\/pages\/173\/revisions"}],"predecessor-version":[{"id":200,"href":"https:\/\/puffer.com.ec\/index.php?rest_route=\/wp\/v2\/pages\/173\/revisions\/200"}],"wp:attachment":[{"href":"https:\/\/puffer.com.ec\/index.php?rest_route=%2Fwp%2Fv2%2Fmedia&parent=173"}],"curies":[{"name":"wp","href":"https:\/\/api.w.org\/{rel}","templated":true}]}}