{"id":201,"date":"2024-01-13T21:08:01","date_gmt":"2024-01-14T02:08:01","guid":{"rendered":"https:\/\/puffer.com.ec\/?page_id=201"},"modified":"2024-01-18T08:42:10","modified_gmt":"2024-01-18T13:42:10","slug":"refineria-la-libertad-de-ep-petroecuador","status":"publish","type":"page","link":"https:\/\/puffer.com.ec\/?page_id=201","title":{"rendered":"Refiner\u00eda La Libertad de EP PetroEcuador"},"content":{"rendered":"<div class=\"wpb-content-wrapper\"><p>[vc_section el_class=\u00bbsec-bn-internas\u00bb][vc_row][vc_column][vc_column_text]<img loading=\"lazy\" decoding=\"async\" class=\"alignnone size-full wp-image-214\" src=\"https:\/\/puffer.com.ec\/wp-content\/uploads\/2024\/01\/baner-casos-exito.jpg\" alt=\"\" width=\"1917\" height=\"505\" srcset=\"https:\/\/puffer.com.ec\/wp-content\/uploads\/2024\/01\/baner-casos-exito.jpg 1917w, https:\/\/puffer.com.ec\/wp-content\/uploads\/2024\/01\/baner-casos-exito-300x79.jpg 300w, https:\/\/puffer.com.ec\/wp-content\/uploads\/2024\/01\/baner-casos-exito-1024x270.jpg 1024w, https:\/\/puffer.com.ec\/wp-content\/uploads\/2024\/01\/baner-casos-exito-768x202.jpg 768w, https:\/\/puffer.com.ec\/wp-content\/uploads\/2024\/01\/baner-casos-exito-1536x405.jpg 1536w\" sizes=\"auto, (max-width: 1917px) 100vw, 1917px\" \/>[\/vc_column_text][\/vc_column][\/vc_row][\/vc_section][vc_section el_class=\u00bbsec-contenidos\u00bb][vc_row][vc_column][vc_custom_heading text=\u00bbCasos de \u00e9xito\u00bb font_container=\u00bbtag:h2|font_size:35px|text_align:left\u00bb use_theme_fonts=\u00bbyes\u00bb el_class=\u00bbtt-principales\u00bb][vc_empty_space][\/vc_column][\/vc_row][vc_row][vc_column][vc_custom_heading text=\u00bbAhorros millonarios en Refinaci\u00f3n\u00bb font_container=\u00bbtag:h2|font_size:28|text_align:left|color:%23004b8d\u00bb use_theme_fonts=\u00bbyes\u00bb][vc_separator border_width=\u00bb3&#8243;][\/vc_column][\/vc_row][vc_row css=\u00bb.vc_custom_1705585326460{background-color: #004b8d !important;border-radius: 5px !important;}\u00bb][vc_column][vc_column_text]<\/p>\n<p style=\"text-align: justify;\"><span style=\"color: #ffffff;\">Basado en normativas de Salud y Seguridad Ocupaciones, nuestro cliente a trav\u00e9z de su programa RBI busca reducir la exposici\u00f3n personal innecesaria a \u00e1reas de alto riesgo, mediante la implementaci\u00f3n de Monitoreo de Corrosi\u00f3n en Tiempo Real en la Parte Superior de la Unidad de Crudo en una refiner\u00eda.<\/span><\/p>\n<p>[\/vc_column_text][\/vc_column][\/vc_row][vc_row][vc_column][vc_column_text]<\/p>\n<p style=\"text-align: justify;\">Las unidades de destilaci\u00f3n de crudo, como pieza central de la refiner\u00eda, se enfrentan principalmente al manejo de diversos componentes corrosivos del petr\u00f3leo crudo en proporciones cada vez mayores. Las t\u00e9cnicas mejoradas de recuperaci\u00f3n de petr\u00f3leo y crudos, de oportunidad econ\u00f3micamente atractivas, conducen a pizarras de crudo cada vez m\u00e1s pesadas para las refiner\u00edas y resultan en un aumento de los contenidos de azufre, cloruros, \u00e1cidos y nitr\u00f3geno org\u00e1nico.<br \/>\nLas tuber\u00edas de la unidad de crudo se ven particularmente afectados por ataques localizados de \u00e1cido clorh\u00eddrico debido al aumento de los niveles de cloruros org\u00e1nicos e inorg\u00e1nicos. La corrosi\u00f3n en la parte superior de la Unidad de Destilaci\u00f3n de Petr\u00f3leo Crudo es una de las aplicaciones de corrosi\u00f3n m\u00e1s desafiantes.<\/p>\n<p>[\/vc_column_text][\/vc_column][\/vc_row][vc_row][vc_column][vc_tta_accordion color=\u00bbblack\u00bb active_section=\u00bb1&#8243;][vc_tta_section title=\u00bb\u00bfQu\u00e9 problemas se encontraron?\u00bb tab_id=\u00bb1705199516946-905ee27d-9cee\u00bb][vc_column_text]<\/p>\n<p style=\"text-align: justify;\">Monitorear en l\u00ednea los \u00edndices de corrosi\u00f3n en algunas zonas de alto riesgo de corrosi\u00f3n y de dif\u00edcil acceso para su operador, dentro de las unidades de destilaci\u00f3n de crudo. Esto agrega alto riesgo al personal y una parada no planificada que podr\u00eda generar p\u00e9rdidas millonarias, adem\u00e1s de otros riesgos asociados.<br \/>\nEl monitoreo en l\u00ednea es fundamental para ejecutar eficientemente un programa de inyecci\u00f3n de qu\u00edmicos y correlacionar datos sobre el desempe\u00f1o del desalinizador para mitigar altos ataques de corrosi\u00f3n por HCL.<\/p>\n<p>[\/vc_column_text][\/vc_tta_section][vc_tta_section title=\u00bb\u00bfSoluci\u00f3n?\u00bb tab_id=\u00bb1705199608950-3a68433f-39a1&#8243;][vc_column_text]<\/p>\n<p style=\"text-align: justify;\">SEIN (Puffer) propuso el uso de sensores 100% inal\u00e1mbricos y no intrusivos que eval\u00faan la condici\u00f3n de la superficie interna de recipientes y tuber\u00edas, en tiempo real. Adem\u00e1s, brindan a los operadores de La Libertad: espesores de pared, tasas de corrosi\u00f3n y expectativas de vida \u00fatil de las tuber\u00edas.<\/p>\n<p style=\"text-align: justify;\">Estos Sensores se comunican de forma inal\u00e1mbrica con la sala de control y el escritorio de los operadores. Se desarroll\u00f3 una soluci\u00f3n para monitorear efectivamente los \u00edndices de corrosi\u00f3n y las superficies sometidas a corrosi\u00f3n por HCL. La escalabilidad de la soluci\u00f3n, la flexibilidad en la instalaci\u00f3n y la reducci\u00f3n de costos, al implementar una comunicaci\u00f3n inal\u00e1mbrica, permitieron al usuario reducir los costos de implementaci\u00f3n.<\/p>\n<p>[\/vc_column_text][\/vc_tta_section][vc_tta_section title=\u00bb\u00bfQu\u00e9 resultados\/beneficios se obtuvieron?\u00bb tab_id=\u00bb1705199650885-fef53c6f-ef0a\u00bb][vc_column_text]<\/p>\n<p style=\"text-align: justify;\">Luego de haber identificado los puntos de monitoreo m\u00e1s relevantes:<\/p>\n<p style=\"text-align: justify;\">\u2022 Los \u00edndices de corrosi\u00f3n y verificaciones de integridad se realizan sin exposici\u00f3n innecesaria ni viajes a \u00e1reas de alto riesgo.<\/p>\n<p style=\"text-align: justify;\">\u2022 Ahorro de alrededor de $40.000 d\u00f3lares en instalaciones de cables, tuber\u00edas y mano de obra si se hubieran instalado sensores trandicionales cableados.<br \/>\n\u2022 La operaci\u00f3n confiable ha reducido el riesgo de aver\u00edas de emergencia, considerando que un d\u00eda de refiner\u00eda sin operaci\u00f3n genera p\u00e9rdidas de alrededor de $900.000 a $1.800.000.<br \/>\n\u2022 Se ha agregado seguridad al personal para evitar exposici\u00f3n innecesaria y frecuente a \u00e1reas de alto riesgo.<\/p>\n<p>[\/vc_column_text][\/vc_tta_section][\/vc_tta_accordion][\/vc_column][\/vc_row][vc_row][vc_column][vc_empty_space height=\u00bb15px\u00bb][vc_single_image image=\u00bb435&#8243; img_size=\u00bbfull\u00bb alignment=\u00bbcenter\u00bb][\/vc_column][\/vc_row][\/vc_section][vc_section el_class=\u00bbsec-contenidos\u00bb css=\u00bb.vc_custom_1704596383026{background-color: #f6f8fd !important;}\u00bb][vc_row disable_element=\u00bbyes\u00bb][vc_column width=\u00bb1\/3&#8243;][vc_btn title=\u00bbNUESTRA HISTORIA\u00bb style=\u00bbcustom\u00bb custom_background=\u00bb#004b8d\u00bb custom_text=\u00bb#ffffff\u00bb shape=\u00bbsquare\u00bb align=\u00bbcenter\u00bb el_class=\u00bbbtn-more\u00bb][vc_btn title=\u00bbEQUIPOS DE LIDERAZGO\u00bb style=\u00bbcustom\u00bb custom_background=\u00bb#004b8d\u00bb custom_text=\u00bb#ffffff\u00bb shape=\u00bbsquare\u00bb el_class=\u00bbbtn-more\u00bb][\/vc_column][vc_column width=\u00bb1\/3&#8243;][vc_btn title=\u00bb75 TH ANIVERSARIO\u00bb style=\u00bbcustom\u00bb custom_background=\u00bb#004b8d\u00bb custom_text=\u00bb#ffffff\u00bb shape=\u00bbsquare\u00bb align=\u00bbcenter\u00bb el_class=\u00bbbtn-more\u00bb][vc_btn title=\u00bbPREMIOS DE LA EMPRESA\u00bb style=\u00bbcustom\u00bb custom_background=\u00bb#004b8d\u00bb custom_text=\u00bb#ffffff\u00bb shape=\u00bbsquare\u00bb el_class=\u00bbbtn-more\u00bb][\/vc_column][vc_column width=\u00bb1\/3&#8243;][vc_btn title=\u00bbMISI\u00d3N Y VALORES\u00bb style=\u00bbcustom\u00bb custom_background=\u00bb#004b8d\u00bb custom_text=\u00bb#ffffff\u00bb shape=\u00bbsquare\u00bb align=\u00bbcenter\u00bb el_class=\u00bbbtn-more\u00bb][vc_btn title=\u00bbRELACI\u00d3N VALORADA\u00bb style=\u00bbcustom\u00bb custom_background=\u00bb#004b8d\u00bb custom_text=\u00bb#ffffff\u00bb shape=\u00bbsquare\u00bb align=\u00bbcenter\u00bb el_class=\u00bbbtn-more\u00bb][\/vc_column][\/vc_row][\/vc_section]<\/p>\n<\/div>","protected":false},"excerpt":{"rendered":"<p>[vc_section el_class=\u00bbsec-bn-internas\u00bb][vc_row][vc_column][vc_column_text][\/vc_column_text][\/vc_column][\/vc_row][\/vc_section][vc_section el_class=\u00bbsec-contenidos\u00bb][vc_row][vc_column][vc_custom_heading text=\u00bbCasos de \u00e9xito\u00bb font_container=\u00bbtag:h2|font_size:35px|text_align:left\u00bb use_theme_fonts=\u00bbyes\u00bb el_class=\u00bbtt-principales\u00bb][vc_empty_space][\/vc_column][\/vc_row][vc_row][vc_column][vc_custom_heading text=\u00bbAhorros millonarios en Refinaci\u00f3n\u00bb font_container=\u00bbtag:h2|font_size:28|text_align:left|color:%23004b8d\u00bb use_theme_fonts=\u00bbyes\u00bb][vc_separator border_width=\u00bb3&#8243;][\/vc_column][\/vc_row][vc_row css=\u00bb.vc_custom_1705585326460{background-color: #004b8d !important;border-radius: 5px !important;}\u00bb][vc_column][vc_column_text] Basado en normativas de Salud y Seguridad Ocupaciones, nuestro cliente a trav\u00e9z de su programa RBI busca reducir la exposici\u00f3n personal innecesaria a \u00e1reas de alto riesgo, mediante la implementaci\u00f3n de Monitoreo de Corrosi\u00f3n [&hellip;]<\/p>\n","protected":false},"author":1,"featured_media":0,"parent":0,"menu_order":0,"comment_status":"closed","ping_status":"closed","template":"","meta":{"footnotes":""},"class_list":["post-201","page","type-page","status-publish","hentry"],"_links":{"self":[{"href":"https:\/\/puffer.com.ec\/index.php?rest_route=\/wp\/v2\/pages\/201","targetHints":{"allow":["GET"]}}],"collection":[{"href":"https:\/\/puffer.com.ec\/index.php?rest_route=\/wp\/v2\/pages"}],"about":[{"href":"https:\/\/puffer.com.ec\/index.php?rest_route=\/wp\/v2\/types\/page"}],"author":[{"embeddable":true,"href":"https:\/\/puffer.com.ec\/index.php?rest_route=\/wp\/v2\/users\/1"}],"replies":[{"embeddable":true,"href":"https:\/\/puffer.com.ec\/index.php?rest_route=%2Fwp%2Fv2%2Fcomments&post=201"}],"version-history":[{"count":22,"href":"https:\/\/puffer.com.ec\/index.php?rest_route=\/wp\/v2\/pages\/201\/revisions"}],"predecessor-version":[{"id":437,"href":"https:\/\/puffer.com.ec\/index.php?rest_route=\/wp\/v2\/pages\/201\/revisions\/437"}],"wp:attachment":[{"href":"https:\/\/puffer.com.ec\/index.php?rest_route=%2Fwp%2Fv2%2Fmedia&parent=201"}],"curies":[{"name":"wp","href":"https:\/\/api.w.org\/{rel}","templated":true}]}}