{"id":221,"date":"2024-01-14T10:53:26","date_gmt":"2024-01-14T15:53:26","guid":{"rendered":"https:\/\/puffer.com.ec\/?page_id=221"},"modified":"2024-01-18T09:00:11","modified_gmt":"2024-01-18T14:00:11","slug":"mejora-en-la-medicion-y-confiabilidad","status":"publish","type":"page","link":"https:\/\/puffer.com.ec\/?page_id=221","title":{"rendered":"Mejora en la Medici\u00f3n y Confiabilidad"},"content":{"rendered":"<div class=\"wpb-content-wrapper\"><p>[vc_section el_class=\u00bbsec-bn-internas\u00bb][vc_row][vc_column][vc_column_text]<img loading=\"lazy\" decoding=\"async\" class=\"alignnone size-full wp-image-214\" src=\"https:\/\/puffer.com.ec\/wp-content\/uploads\/2024\/01\/baner-casos-exito.jpg\" alt=\"\" width=\"1917\" height=\"505\" srcset=\"https:\/\/puffer.com.ec\/wp-content\/uploads\/2024\/01\/baner-casos-exito.jpg 1917w, https:\/\/puffer.com.ec\/wp-content\/uploads\/2024\/01\/baner-casos-exito-300x79.jpg 300w, https:\/\/puffer.com.ec\/wp-content\/uploads\/2024\/01\/baner-casos-exito-1024x270.jpg 1024w, https:\/\/puffer.com.ec\/wp-content\/uploads\/2024\/01\/baner-casos-exito-768x202.jpg 768w, https:\/\/puffer.com.ec\/wp-content\/uploads\/2024\/01\/baner-casos-exito-1536x405.jpg 1536w\" sizes=\"auto, (max-width: 1917px) 100vw, 1917px\" \/>[\/vc_column_text][\/vc_column][\/vc_row][\/vc_section][vc_section el_class=\u00bbsec-contenidos\u00bb][vc_row][vc_column][vc_custom_heading text=\u00bbCasos de \u00e9xito\u00bb font_container=\u00bbtag:h2|font_size:35px|text_align:left\u00bb use_theme_fonts=\u00bbyes\u00bb el_class=\u00bbtt-principales\u00bb][vc_empty_space][\/vc_column][\/vc_row][vc_row][vc_column][vc_custom_heading text=\u00bbMejora en la Medici\u00f3n y Confiabilidad\u00bb font_container=\u00bbtag:h2|font_size:28|text_align:left|color:%23004b8d\u00bb use_theme_fonts=\u00bbyes\u00bb][vc_separator border_width=\u00bb3&#8243;][\/vc_column][\/vc_row][vc_row css=\u00bb.vc_custom_1705585546038{background-color: #004b8d !important;border-radius: 5px !important;}\u00bb][vc_column][vc_column_text]<\/p>\n<p style=\"text-align: justify;\">Productor de petr\u00f3leo genera ahorros millonarios en transporte y distribuci\u00f3n de Combustibles Limpios a trav\u00e9s de programas de Medici\u00f3n y Confiabilidad<\/p>\n<p>[\/vc_column_text][\/vc_column][\/vc_row][vc_row][vc_column][vc_column_text]<\/p>\n<p style=\"text-align: justify;\">Poliducto suministra 96.000 barriles diarios de gasolina, Diesel y Jet Fuel con un recorrido de aproximadamente 250 km. Las plantas de producci\u00f3n y oleoductos son vitales para el desarrollo de la econom\u00eda del pa\u00eds.<br \/>\nQueremos compartir la experiencia de c\u00f3mo nuestro cliente, increment\u00f3 la seguridad de su personal e instalaciones con instrumentaci\u00f3n SIL2 y Wireless Hart, el impacto positivo que se obtuvo con la implementaci\u00f3n de una red inal\u00e1mbrica, y c\u00f3mo evitar paradas de planta con monitoreo de vibraciones en equipos rotativos.<\/p>\n<p>[\/vc_column_text][\/vc_column][\/vc_row][vc_row][vc_column][vc_tta_accordion color=\u00bbblack\u00bb active_section=\u00bb1&#8243;][vc_tta_section title=\u00bb\u00bfQue problemas se encontraron?\u00bb tab_id=\u00bb1705199516946-905ee27d-9cee\u00bb][vc_column_text]<\/p>\n<p style=\"text-align: justify;\"><strong>1.-<\/strong> Protecci\u00f3n contra sobrellenado: Se requirieron operaciones manuales para medir los niveles del tanque y evitar el sobrellenado. En algunos casos, el personal estuvo ubicado al pie de los tanques durante toda la operaci\u00f3n de bombeo.<\/p>\n<p><strong>2.-<\/strong> P\u00e9rdida de Jet Fuel: por mezcla con gasolina o diesel, el jet fuel perdi\u00f3 sus propiedades y no fue posible recuperarlo. Estas p\u00e9rdidas fueron causadas por la fuga de de productos por una PRV.<\/p>\n<p><strong>3.-<\/strong> Paradas de planta no planificadas: vibraciones en equipos rotativos impactaron los resultados provocando p\u00e9rdidas millonarias.[\/vc_column_text][\/vc_tta_section][vc_tta_section title=\u00bb\u00bfSoluci\u00f3n?\u00bb tab_id=\u00bb1705199608950-3a68433f-39a1&#8243;][vc_column_text]<\/p>\n<p style=\"text-align: justify;\">SEIN (Puffer) Propuso avanzar con la implementaci\u00f3n de nuevas tecnolog\u00edas y procesos que permitieron a la Compa\u00f1\u00eda contar con nuevas soluciones para resolver los problemas anteriormente mencionados. Esto incluy\u00f3 tecnolog\u00edas predictivas de medici\u00f3n y vibraci\u00f3n y conectividad inal\u00e1mbrica que ampliaron la recopilaci\u00f3n y el an\u00e1lisis de datos.<\/p>\n<p>[\/vc_column_text][\/vc_tta_section][vc_tta_section title=\u00bb\u00bfQu\u00e9 resultados\/beneficios se obtuvieron?\u00bb tab_id=\u00bb1705199650885-fef53c6f-ef0a\u00bb][vc_column_text]<\/p>\n<p style=\"text-align: justify;\">El personal mejor\u00f3 la eficiencia y redujo el 100% del tiempo de rutina en el campo y mejor\u00f3 el monitoreo de los sistemas de protecci\u00f3n contra sobrellenado.<br \/>\nAdem\u00e1s, con el nuevo sistema de monitoreo de PRVs se detectaron fugas de inmediato y se enfocaron recursos solo en las PRVs con problemas, reducci\u00f3n del 30% en repuestos y horas de mantenimiento.<\/p>\n<p style=\"text-align: justify;\">En caso de falla, el costo por cada evento es equivalente a $132K por d\u00eda y la probabilidad de monitoreo PRV de que esto suceda es muy baja, el cliente tiene una operaci\u00f3n confiable.<\/p>\n<p style=\"text-align: justify;\">El monitoreo de vibraciones hab\u00eda generado una cultura con enfoque en el mantenimiento por condici\u00f3n de los equipos, aumentando la disponibilidad de los equipos de bombeo. Un sistema confiable evita posibles aver\u00edas en las bombas, cada uno de estos eventos podr\u00eda generar $321K por d\u00eda en p\u00e9rdidas.<\/p>\n<p>[\/vc_column_text][\/vc_tta_section][\/vc_tta_accordion][\/vc_column][\/vc_row][vc_row][vc_column][vc_single_image image=\u00bb440&#8243; img_size=\u00bbfull\u00bb alignment=\u00bbcenter\u00bb][\/vc_column][\/vc_row][\/vc_section]<\/p>\n<\/div>","protected":false},"excerpt":{"rendered":"<p>[vc_section el_class=\u00bbsec-bn-internas\u00bb][vc_row][vc_column][vc_column_text][\/vc_column_text][\/vc_column][\/vc_row][\/vc_section][vc_section el_class=\u00bbsec-contenidos\u00bb][vc_row][vc_column][vc_custom_heading text=\u00bbCasos de \u00e9xito\u00bb font_container=\u00bbtag:h2|font_size:35px|text_align:left\u00bb use_theme_fonts=\u00bbyes\u00bb el_class=\u00bbtt-principales\u00bb][vc_empty_space][\/vc_column][\/vc_row][vc_row][vc_column][vc_custom_heading text=\u00bbMejora en la Medici\u00f3n y Confiabilidad\u00bb font_container=\u00bbtag:h2|font_size:28|text_align:left|color:%23004b8d\u00bb use_theme_fonts=\u00bbyes\u00bb][vc_separator border_width=\u00bb3&#8243;][\/vc_column][\/vc_row][vc_row css=\u00bb.vc_custom_1705585546038{background-color: #004b8d !important;border-radius: 5px !important;}\u00bb][vc_column][vc_column_text] Productor de petr\u00f3leo genera ahorros millonarios en transporte y distribuci\u00f3n de Combustibles Limpios a trav\u00e9s de programas de Medici\u00f3n y Confiabilidad [\/vc_column_text][\/vc_column][\/vc_row][vc_row][vc_column][vc_column_text] Poliducto suministra 96.000 barriles diarios de gasolina, Diesel y Jet [&hellip;]<\/p>\n","protected":false},"author":1,"featured_media":0,"parent":0,"menu_order":0,"comment_status":"closed","ping_status":"closed","template":"","meta":{"footnotes":""},"class_list":["post-221","page","type-page","status-publish","hentry"],"_links":{"self":[{"href":"https:\/\/puffer.com.ec\/index.php?rest_route=\/wp\/v2\/pages\/221","targetHints":{"allow":["GET"]}}],"collection":[{"href":"https:\/\/puffer.com.ec\/index.php?rest_route=\/wp\/v2\/pages"}],"about":[{"href":"https:\/\/puffer.com.ec\/index.php?rest_route=\/wp\/v2\/types\/page"}],"author":[{"embeddable":true,"href":"https:\/\/puffer.com.ec\/index.php?rest_route=\/wp\/v2\/users\/1"}],"replies":[{"embeddable":true,"href":"https:\/\/puffer.com.ec\/index.php?rest_route=%2Fwp%2Fv2%2Fcomments&post=221"}],"version-history":[{"count":5,"href":"https:\/\/puffer.com.ec\/index.php?rest_route=\/wp\/v2\/pages\/221\/revisions"}],"predecessor-version":[{"id":441,"href":"https:\/\/puffer.com.ec\/index.php?rest_route=\/wp\/v2\/pages\/221\/revisions\/441"}],"wp:attachment":[{"href":"https:\/\/puffer.com.ec\/index.php?rest_route=%2Fwp%2Fv2%2Fmedia&parent=221"}],"curies":[{"name":"wp","href":"https:\/\/api.w.org\/{rel}","templated":true}]}}