{"id":398,"date":"2024-01-16T22:09:25","date_gmt":"2024-01-17T03:09:25","guid":{"rendered":"https:\/\/puffer.com.ec\/?page_id=398"},"modified":"2024-01-16T22:21:39","modified_gmt":"2024-01-17T03:21:39","slug":"solicite-una-cotizacion","status":"publish","type":"page","link":"https:\/\/puffer.com.ec\/?page_id=398","title":{"rendered":"Solicite una cotizaci\u00f3n"},"content":{"rendered":"<div class=\"wpb-content-wrapper\"><p>[vc_section el_class=\u00bbsec-bn-internas\u00bb][vc_row][vc_column][vc_column_text css=\u00bb.vc_custom_1705459668309{margin-bottom: 0px !important;}\u00bb]<img loading=\"lazy\" decoding=\"async\" class=\"alignnone size-full wp-image-113\" src=\"https:\/\/puffer.com.ec\/wp-content\/uploads\/2024\/01\/Puffer-productos.jpg\" alt=\"\" width=\"1941\" height=\"505\" srcset=\"https:\/\/puffer.com.ec\/wp-content\/uploads\/2024\/01\/Puffer-productos.jpg 1941w, https:\/\/puffer.com.ec\/wp-content\/uploads\/2024\/01\/Puffer-productos-300x78.jpg 300w, https:\/\/puffer.com.ec\/wp-content\/uploads\/2024\/01\/Puffer-productos-1024x266.jpg 1024w, https:\/\/puffer.com.ec\/wp-content\/uploads\/2024\/01\/Puffer-productos-768x200.jpg 768w, https:\/\/puffer.com.ec\/wp-content\/uploads\/2024\/01\/Puffer-productos-1536x400.jpg 1536w\" sizes=\"auto, (max-width: 1941px) 100vw, 1941px\" \/>[\/vc_column_text][\/vc_column][\/vc_row][\/vc_section][vc_section el_class=\u00bbsec-contenidos\u00bb][vc_row][vc_column][vc_empty_space][vc_custom_heading text=\u00bbSOLICITE UNA COTIZACI\u00d3N\u00bb font_container=\u00bbtag:h2|font_size:35px|text_align:left|color:%23505354&#8243; use_theme_fonts=\u00bbyes\u00bb el_class=\u00bbtt-principales\u00bb][vc_empty_space][vc_single_image image=\u00bb379&#8243; img_size=\u00bbfull\u00bb][vc_column_text]Le daremos seguimiento a la brevedad[\/vc_column_text][vc_column_text]<div class=\"frm_forms  with_frm_style frm_style_estilos-formidable\" id=\"frm_form_3_container\" data-token=\"d9b68a979271fc35b7927d46d3aff782\">\n<form enctype=\"multipart\/form-data\" method=\"post\" class=\"frm-show-form  frm_pro_form \" id=\"form_cotizaciones\" data-token=\"d9b68a979271fc35b7927d46d3aff782\">\n<div class=\"frm_form_fields \">\n<fieldset>\n<legend class=\"frm_screen_reader\">Cotizaciones<\/legend>\n\n<div class=\"frm_fields_container\">\n<input type=\"hidden\" name=\"frm_action\" value=\"create\" \/>\n<input type=\"hidden\" name=\"form_id\" value=\"3\" \/>\n<input type=\"hidden\" name=\"frm_hide_fields_3\" id=\"frm_hide_fields_3\" value=\"\" \/>\n<input type=\"hidden\" name=\"form_key\" value=\"cotizaciones\" \/>\n<input type=\"hidden\" name=\"item_meta[0]\" value=\"\" \/>\n<input type=\"hidden\" id=\"frm_submit_entry_3\" name=\"frm_submit_entry_3\" value=\"508eb6bd65\" \/><input type=\"hidden\" name=\"_wp_http_referer\" value=\"\/index.php?rest_route=%2Fwp%2Fv2%2Fpages%2F398\" \/><div id=\"frm_field_11_container\" class=\"frm_form_field form-field  frm_top_container\">\n    <label for=\"field_yftm4\" id=\"field_yftm4_label\" class=\"frm_primary_label\">Tipo de cotizaci\u00f3n\n        <span class=\"frm_required\" aria-hidden=\"true\"><\/span>\n    <\/label>\n    \t\t<select name=\"item_meta[11]\" id=\"field_yftm4\"  data-placeholder=\"Tipo de cotizaci\u00f3n\"  placeholder=\"Tipo de cotizaci\u00f3n\" data-invmsg=\"Tipo de cotizaci\u00f3n no es v\u00e1lido\" aria-invalid=\"false\"  >\n\t\t<option  class=\"frm-select-placeholder\" value=\"\" data-placeholder=\"true\">Tipo de cotizaci\u00f3n<\/option><option  value=\"Productos\">Productos<\/option><option  value=\"Servicios\">Servicios<\/option><option  value=\"Todas\">Todas<\/option>\t<\/select>\n\t\n    \n    \n<\/div>\n<div id=\"frm_field_12_container\" class=\"frm_form_field form-field  frm_top_container frm_three_col frm_other_container\">\n    <div  id=\"field_h7g04_label\" class=\"frm_primary_label\">\u00c1rea de inter\u00e9s del producto (marque todo lo que corresponda)\n        <span class=\"frm_required\" aria-hidden=\"true\"><\/span>\n    <\/div>\n    <div class=\"frm_opt_container\" aria-labelledby=\"field_h7g04_label\" role=\"group\">\t\t<div class=\"frm_checkbox\" id=\"frm_checkbox_12-0\">\t\t\t<label  for=\"field_h7g04-0\">\n\t\t\t<input type=\"checkbox\" name=\"item_meta[12][]\" id=\"field_h7g04-0\" value=\"Actuadores y Reguladores\"  data-invmsg=\"\u00c1rea de inter\u00e9s del producto (marque todo lo que corresponda) no es v\u00e1lido\"   \/> Actuadores y Reguladores<\/label><\/div>\n\t\t<div class=\"frm_checkbox\" id=\"frm_checkbox_12-1\">\t\t\t<label  for=\"field_h7g04-1\">\n\t\t\t<input type=\"checkbox\" name=\"item_meta[12][]\" id=\"field_h7g04-1\" value=\"Sistemas de control\"  data-invmsg=\"\u00c1rea de inter\u00e9s del producto (marque todo lo que corresponda) no es v\u00e1lido\"   \/> Sistemas de control<\/label><\/div>\n\t\t<div class=\"frm_checkbox\" id=\"frm_checkbox_12-other_2\">\t\t\t<label  for=\"field_h7g04-other_2\">\n\t\t\t<input type=\"checkbox\" name=\"item_meta[12][other_2]\" id=\"field_h7g04-other_2\" value=\"V\u00e1lvulas de control\"  data-invmsg=\"\u00c1rea de inter\u00e9s del producto (marque todo lo que corresponda) no es v\u00e1lido\"   \/> V\u00e1lvulas de control<\/label><label for=\"field_h7g04-other_2-otext\" class=\"frm_screen_reader frm_hidden\">V\u00e1lvulas de control<\/label><input type=\"text\" id=\"field_h7g04-other_2-otext\" class=\"frm_other_input frm_pos_none\"  name=\"item_meta[other][12][other_2]\" value=\"\" \/><\/div>\n\t\t<div class=\"frm_checkbox\" id=\"frm_checkbox_12-other_3\">\t\t\t<label  for=\"field_h7g04-other_3\">\n\t\t\t<input type=\"checkbox\" name=\"item_meta[12][other_3]\" id=\"field_h7g04-other_3\" value=\"Instrumentaci\u00f3n\"  data-invmsg=\"\u00c1rea de inter\u00e9s del producto (marque todo lo que corresponda) no es v\u00e1lido\"   \/> Instrumentaci\u00f3n<\/label><label for=\"field_h7g04-other_3-otext\" class=\"frm_screen_reader frm_hidden\">Instrumentaci\u00f3n<\/label><input type=\"text\" id=\"field_h7g04-other_3-otext\" class=\"frm_other_input frm_pos_none\"  name=\"item_meta[other][12][other_3]\" value=\"\" \/><\/div>\n\t\t<div class=\"frm_checkbox\" id=\"frm_checkbox_12-other_4\">\t\t\t<label  for=\"field_h7g04-other_4\">\n\t\t\t<input type=\"checkbox\" name=\"item_meta[12][other_4]\" id=\"field_h7g04-other_4\" value=\"V\u00e1lvulas de aislamiento\"  data-invmsg=\"\u00c1rea de inter\u00e9s del producto (marque todo lo que corresponda) no es v\u00e1lido\"   \/> V\u00e1lvulas de aislamiento<\/label><label for=\"field_h7g04-other_4-otext\" class=\"frm_screen_reader frm_hidden\">V\u00e1lvulas de aislamiento<\/label><input type=\"text\" id=\"field_h7g04-other_4-otext\" class=\"frm_other_input frm_pos_none\"  name=\"item_meta[other][12][other_4]\" value=\"\" \/><\/div>\n\t\t<div class=\"frm_checkbox\" id=\"frm_checkbox_12-other_5\">\t\t\t<label  for=\"field_h7g04-other_5\">\n\t\t\t<input type=\"checkbox\" name=\"item_meta[12][other_5]\" id=\"field_h7g04-other_5\" value=\"Medici\u00f3n de la presi\u00f3n\"  data-invmsg=\"\u00c1rea de inter\u00e9s del producto (marque todo lo que corresponda) no es v\u00e1lido\"   \/> Medici\u00f3n de la presi\u00f3n<\/label><label for=\"field_h7g04-other_5-otext\" class=\"frm_screen_reader frm_hidden\">Medici\u00f3n de la presi\u00f3n<\/label><input type=\"text\" id=\"field_h7g04-other_5-otext\" class=\"frm_other_input frm_pos_none\"  name=\"item_meta[other][12][other_5]\" value=\"\" \/><\/div>\n\t\t<div class=\"frm_checkbox\" id=\"frm_checkbox_12-other_6\">\t\t\t<label  for=\"field_h7g04-other_6\">\n\t\t\t<input type=\"checkbox\" name=\"item_meta[12][other_6]\" id=\"field_h7g04-other_6\" value=\"Zapatillas\"  data-invmsg=\"\u00c1rea de inter\u00e9s del producto (marque todo lo que corresponda) no es v\u00e1lido\"   \/> Zapatillas<\/label><label for=\"field_h7g04-other_6-otext\" class=\"frm_screen_reader frm_hidden\">Zapatillas<\/label><input type=\"text\" id=\"field_h7g04-other_6-otext\" class=\"frm_other_input frm_pos_none\"  name=\"item_meta[other][12][other_6]\" value=\"\" \/><\/div>\n\t\t<div class=\"frm_checkbox\" id=\"frm_checkbox_12-other_7\">\t\t\t<label  for=\"field_h7g04-other_7\">\n\t\t\t<input type=\"checkbox\" name=\"item_meta[12][other_7]\" id=\"field_h7g04-other_7\" value=\"Fiabilidad\"  data-invmsg=\"\u00c1rea de inter\u00e9s del producto (marque todo lo que corresponda) no es v\u00e1lido\"   \/> Fiabilidad<\/label><label for=\"field_h7g04-other_7-otext\" class=\"frm_screen_reader frm_hidden\">Fiabilidad<\/label><input type=\"text\" id=\"field_h7g04-other_7-otext\" class=\"frm_other_input frm_pos_none\"  name=\"item_meta[other][12][other_7]\" value=\"\" \/><\/div>\n\t\t<div class=\"frm_checkbox\" id=\"frm_checkbox_12-other_8\">\t\t\t<label  for=\"field_h7g04-other_8\">\n\t\t\t<input type=\"checkbox\" name=\"item_meta[12][other_8]\" id=\"field_h7g04-other_8\" value=\"Servicio\"  data-invmsg=\"\u00c1rea de inter\u00e9s del producto (marque todo lo que corresponda) no es v\u00e1lido\"   \/> Servicio<\/label><label for=\"field_h7g04-other_8-otext\" class=\"frm_screen_reader frm_hidden\">Servicio<\/label><input type=\"text\" id=\"field_h7g04-other_8-otext\" class=\"frm_other_input frm_pos_none\"  name=\"item_meta[other][12][other_8]\" value=\"\" \/><\/div>\n<\/div>\n    \n    \n<\/div>\n<div id=\"frm_field_13_container\" class=\"frm_form_field form-field  frm_top_container\">\n    <label for=\"field_xpj86\" id=\"field_xpj86_label\" class=\"frm_primary_label\">Comentarios de inter\u00e9s sobre el producto\n        <span class=\"frm_required\" aria-hidden=\"true\"><\/span>\n    <\/label>\n    <textarea name=\"item_meta[13]\" id=\"field_xpj86\" rows=\"5\"  data-invmsg=\"Comentarios de inter\u00e9s sobre el producto no es v\u00e1lido\" aria-invalid=\"false\"  ><\/textarea>\n    \n    \n<\/div>\n<div id=\"frm_field_14_container\" class=\"frm_form_field form-field  frm_top_container frm6 frm_first\">\n    <label for=\"field_ct38h\" id=\"field_ct38h_label\" class=\"frm_primary_label\">Sitio del cliente\/Ciudad y estado\n        <span class=\"frm_required\" aria-hidden=\"true\"><\/span>\n    <\/label>\n    <input type=\"text\" id=\"field_ct38h\" name=\"item_meta[14]\" value=\"\"  data-invmsg=\"Texto no es v\u00e1lido\" aria-invalid=\"false\"  \/>\n    \n    \n<\/div>\n<div id=\"frm_field_15_container\" class=\"frm_form_field form-field  frm_top_container frm6\">\n    <label for=\"field_fjxcq\" id=\"field_fjxcq_label\" class=\"frm_primary_label\">Tu industria\n        <span class=\"frm_required\" aria-hidden=\"true\"><\/span>\n    <\/label>\n    <input type=\"text\" id=\"field_fjxcq\" name=\"item_meta[15]\" value=\"\"  data-invmsg=\"Texto no es v\u00e1lido\" aria-invalid=\"false\"  \/>\n    \n    \n<\/div>\n<div id=\"frm_field_16_container\" class=\"frm_form_field form-field  frm_top_container frm6 frm_first\">\n    <label for=\"field_m0yn3\" id=\"field_m0yn3_label\" class=\"frm_primary_label\">Nombres\n        <span class=\"frm_required\" aria-hidden=\"true\"><\/span>\n    <\/label>\n    <input type=\"text\" id=\"field_m0yn3\" name=\"item_meta[16]\" value=\"\"  data-invmsg=\"Texto no es v\u00e1lido\" aria-invalid=\"false\"  \/>\n    \n    \n<\/div>\n<div id=\"frm_field_17_container\" class=\"frm_form_field form-field  frm_top_container frm6\">\n    <label for=\"field_xtil6\" id=\"field_xtil6_label\" class=\"frm_primary_label\">Apellido\n        <span class=\"frm_required\" aria-hidden=\"true\"><\/span>\n    <\/label>\n    <input type=\"text\" id=\"field_xtil6\" name=\"item_meta[17]\" value=\"\"  data-invmsg=\"Texto no es v\u00e1lido\" aria-invalid=\"false\"  \/>\n    \n    \n<\/div>\n<div id=\"frm_field_18_container\" class=\"frm_form_field form-field  frm_top_container frm6 frm_first\">\n    <label for=\"field_cl8uq\" id=\"field_cl8uq_label\" class=\"frm_primary_label\">Empresa\n        <span class=\"frm_required\" aria-hidden=\"true\"><\/span>\n    <\/label>\n    <input type=\"text\" id=\"field_cl8uq\" name=\"item_meta[18]\" value=\"\"  data-invmsg=\"Texto no es v\u00e1lido\" aria-invalid=\"false\"  \/>\n    \n    \n<\/div>\n<div id=\"frm_field_19_container\" class=\"frm_form_field form-field  frm_top_container frm6\">\n    <label for=\"field_7je1x\" id=\"field_7je1x_label\" class=\"frm_primary_label\">T\u00edtulos\n        <span class=\"frm_required\" aria-hidden=\"true\"><\/span>\n    <\/label>\n    <input type=\"text\" id=\"field_7je1x\" name=\"item_meta[19]\" value=\"\"  data-invmsg=\"Texto no es v\u00e1lido\" aria-invalid=\"false\"  \/>\n    \n    \n<\/div>\n<div id=\"frm_field_20_container\" class=\"frm_form_field form-field  frm_top_container frm6 frm_first\">\n    <label for=\"field_jmaxn\" id=\"field_jmaxn_label\" class=\"frm_primary_label\">Tel\u00e9fono\n        <span class=\"frm_required\" aria-hidden=\"true\"><\/span>\n    <\/label>\n    <input type=\"text\" id=\"field_jmaxn\" name=\"item_meta[20]\" value=\"\"  data-invmsg=\"Texto no es v\u00e1lido\" aria-invalid=\"false\"  \/>\n    \n    \n<\/div>\n<div id=\"frm_field_21_container\" class=\"frm_form_field form-field  frm_top_container frm6\">\n    <label for=\"field_g42ir\" id=\"field_g42ir_label\" class=\"frm_primary_label\">Correo electr\u00f3nico\n        <span class=\"frm_required\" aria-hidden=\"true\"><\/span>\n    <\/label>\n    <input type=\"text\" id=\"field_g42ir\" name=\"item_meta[21]\" value=\"\"  data-invmsg=\"Texto no es v\u00e1lido\" aria-invalid=\"false\"  \/>\n    \n    \n<\/div>\n<div id=\"frm_field_22_container\" class=\"frm_form_field form-field  frm_top_container\">\n    <label for=\"field_t0nwp\" id=\"field_t0nwp_label\" class=\"frm_primary_label\">Preferencia de Contacto\n        <span class=\"frm_required\" aria-hidden=\"true\"><\/span>\n    <\/label>\n    \t\t<select name=\"item_meta[22]\" id=\"field_t0nwp\"  data-placeholder=\"Preferencia de Contacto\"  placeholder=\"Preferencia de Contacto\" data-invmsg=\"Preferencia de Contacto no es v\u00e1lido\" aria-invalid=\"false\"  >\n\t\t<option  class=\"frm-select-placeholder\" value=\"\" data-placeholder=\"true\">Preferencia de Contacto<\/option><option  value=\"Correo electr\u00f3nico\">Correo electr\u00f3nico<\/option><option  value=\"Tel\u00e9fono\">Tel\u00e9fono<\/option>\t<\/select>\n\t\n    \n    \n<\/div>\n<div id=\"frm_field_23_container\" class=\"frm_form_field form-field \">\n\t<div class=\"frm_submit frm_flex\">\n<button class=\"frm_button_submit frm_final_submit\" type=\"submit\"  >Enviar<\/button>\n\n\n\n<\/div>\n<\/div>\n\t<input type=\"hidden\" name=\"item_key\" value=\"\" \/>\n\t\t\t<div id=\"frm_field_24_container\">\n\t\t\t<label for=\"field_apwy6\" >\n\t\t\t\tSi eres humano, deja este campo en blanco.\t\t\t<\/label>\n\t\t\t<input  id=\"field_apwy6\" type=\"text\" class=\"frm_form_field form-field frm_verify\" name=\"item_meta[24]\" value=\"\"  \/>\n\t\t<\/div>\n\t\t<input name=\"frm_state\" type=\"hidden\" value=\"H63h9TUdznb3K2hwglkhSswg\/\/AjPBmjj+FkBqQ3578=\" \/><\/div>\n<\/fieldset>\n<\/div>\n\n<\/form>\n<\/div>\n[\/vc_column_text][\/vc_column][\/vc_row][\/vc_section]<\/p>\n<\/div>","protected":false},"excerpt":{"rendered":"<p>[vc_section el_class=\u00bbsec-bn-internas\u00bb][vc_row][vc_column][vc_column_text css=\u00bb.vc_custom_1705459668309{margin-bottom: 0px !important;}\u00bb][\/vc_column_text][\/vc_column][\/vc_row][\/vc_section][vc_section el_class=\u00bbsec-contenidos\u00bb][vc_row][vc_column][vc_empty_space][vc_custom_heading text=\u00bbSOLICITE UNA COTIZACI\u00d3N\u00bb font_container=\u00bbtag:h2|font_size:35px|text_align:left|color:%23505354&#8243; use_theme_fonts=\u00bbyes\u00bb el_class=\u00bbtt-principales\u00bb][vc_empty_space][vc_single_image image=\u00bb379&#8243; img_size=\u00bbfull\u00bb][vc_column_text]Le daremos seguimiento a la brevedad[\/vc_column_text][vc_column_text][\/vc_column_text][\/vc_column][\/vc_row][\/vc_section]<\/p>\n","protected":false},"author":1,"featured_media":0,"parent":0,"menu_order":0,"comment_status":"closed","ping_status":"closed","template":"","meta":{"footnotes":""},"class_list":["post-398","page","type-page","status-publish","hentry"],"_links":{"self":[{"href":"https:\/\/puffer.com.ec\/index.php?rest_route=\/wp\/v2\/pages\/398","targetHints":{"allow":["GET"]}}],"collection":[{"href":"https:\/\/puffer.com.ec\/index.php?rest_route=\/wp\/v2\/pages"}],"about":[{"href":"https:\/\/puffer.com.ec\/index.php?rest_route=\/wp\/v2\/types\/page"}],"author":[{"embeddable":true,"href":"https:\/\/puffer.com.ec\/index.php?rest_route=\/wp\/v2\/users\/1"}],"replies":[{"embeddable":true,"href":"https:\/\/puffer.com.ec\/index.php?rest_route=%2Fwp%2Fv2%2Fcomments&post=398"}],"version-history":[{"count":5,"href":"https:\/\/puffer.com.ec\/index.php?rest_route=\/wp\/v2\/pages\/398\/revisions"}],"predecessor-version":[{"id":405,"href":"https:\/\/puffer.com.ec\/index.php?rest_route=\/wp\/v2\/pages\/398\/revisions\/405"}],"wp:attachment":[{"href":"https:\/\/puffer.com.ec\/index.php?rest_route=%2Fwp%2Fv2%2Fmedia&parent=398"}],"curies":[{"name":"wp","href":"https:\/\/api.w.org\/{rel}","templated":true}]}}